{"id":159,"date":"2020-10-05T17:37:20","date_gmt":"2020-10-05T17:37:20","guid":{"rendered":"https:\/\/www.dimarzachile.cl\/?page_id=159"},"modified":"2024-05-25T00:36:08","modified_gmt":"2024-05-25T00:36:08","slug":"servicios","status":"publish","type":"page","link":"https:\/\/www.dimarzachile.cl\/index.php\/servicios\/","title":{"rendered":"SERVICIOS"},"content":{"rendered":"<div id=\"pl-gb159-69f3b97308d92\"  class=\"panel-layout\" ><div id=\"pg-gb159-69f3b97308d92-0\"  class=\"panel-grid panel-has-style\" ><div class=\"panel-row-style panel-row-style-for-gb159-69f3b97308d92-0\" ><div id=\"pgc-gb159-69f3b97308d92-0-0\"  class=\"panel-grid-cell\" ><div id=\"panel-gb159-69f3b97308d92-0-0-0\" class=\"so-panel widget widget_sow-editor panel-first-child panel-last-child\" data-index=\"0\" ><div class=\"so-widget-sow-editor so-widget-sow-editor-base\">\n<div class=\"siteorigin-widget-tinymce textwidget\">\n\t<h1 style=\"text-align: center;\"><strong>NUESTROS SERVICIOS<\/strong><\/h1>\n<p style=\"text-align: center;\"><div class=\"divider\" style=\"margin-top:20px; margin-bottom:20px; border-top:2px solid #00547f;width:20%\"\/><\/div><\/p>\n<\/div>\n<\/div><\/div><\/div><\/div><\/div><div id=\"pg-gb159-69f3b97308d92-1\"  class=\"panel-grid panel-no-style\" ><div id=\"pgc-gb159-69f3b97308d92-1-0\"  class=\"panel-grid-cell\" ><div id=\"panel-gb159-69f3b97308d92-1-0-0\" class=\"so-panel widget widget_sow-editor panel-first-child panel-last-child\" data-index=\"1\" ><div class=\"so-widget-sow-editor so-widget-sow-editor-base\">\n<div class=\"siteorigin-widget-tinymce textwidget\">\n\t<p>En DIMARZA CHILE SPA nos dedicamos a desarrollar obras mec\u00e1nicas, el\u00e9ctricas y mantenimiento de planta concentradora y plantas industriales, contamos con la infraestructura necesaria para elaborar en forma integral los trabajos que realizamos en continua comunicaci\u00f3n con el cliente, con el objetivo de brindar el mejor servicio, producto y obras que realizamos, los cuales llegan a tener caracter\u00edsticas especiales de resistencia, precisi\u00f3n, f\u00e1cil mantenimiento y buena presentaci\u00f3n. De esta manera nos sentimos orgullosos porque nuestros productos y servicios superan ampliamente los \u00edndices de costo beneficio en comparaci\u00f3n con otros productos ya sea importado o de marcas reconocidas.<\/p>\n<\/div>\n<\/div><\/div><\/div><div id=\"pgc-gb159-69f3b97308d92-1-1\"  class=\"panel-grid-cell\" ><div id=\"panel-gb159-69f3b97308d92-1-1-0\" class=\"so-panel widget widget_accesspress_image panel-first-child panel-last-child\" data-index=\"2\" >        \r\n        <div class=\"wow bounceIn ap-align-none\">\r\n                            <img src = \"https:\/\/www.dimarzachile.cl\/wp-content\/uploads\/2024\/05\/Servicios.jpg\" \/>\r\n                    <\/div>\r\n        <\/div><\/div><\/div><div id=\"pg-gb159-69f3b97308d92-2\"  class=\"panel-grid panel-has-style\" ><div class=\"panel-row-style panel-row-style-for-gb159-69f3b97308d92-2\" ><div id=\"pgc-gb159-69f3b97308d92-2-0\"  class=\"panel-grid-cell\" ><div id=\"panel-gb159-69f3b97308d92-2-0-0\" class=\"so-panel widget widget_sow-editor panel-first-child\" data-index=\"3\" ><div class=\"so-widget-sow-editor so-widget-sow-editor-base\">\n<div class=\"siteorigin-widget-tinymce textwidget\">\n\t<h2 style=\"text-align: left;\"><span style=\"color: #f0f0f0;\">PLANTA DE FABRICACIONES DIMARZA CHILE SPA<\/span><\/h2>\n<div class=\"divider\" style=\"margin-top:20px; margin-bottom:20px; border-top:1px solid #CCCCCC;width:100%\"\/><\/div>\n<\/div>\n<\/div><\/div><div id=\"panel-gb159-69f3b97308d92-2-0-1\" class=\"so-panel widget widget_sow-editor\" data-index=\"4\" ><div class=\"panel-widget-style panel-widget-style-for-gb159-69f3b97308d92-2-0-1\" ><div class=\"so-widget-sow-editor so-widget-sow-editor-base\">\n<div class=\"siteorigin-widget-tinymce textwidget\">\n\t<p>Contamos con maquinaria especializada, de alta calidad y tecnolog\u00eda en el \u00e1rea Metal- Mec\u00e1nica, como Tornos, Tornos Convencionales, Fresadoras, Mandriladoras, Roladora, Equipo de Corte y Equipo de Soldadura Especiales Mig y Tig, esto sumado a un gran equipo de expertos en la materia, hace de DIMARZA. Sea su mejor opci\u00f3n en el maquinado y fabricaci\u00f3n de piezas y componentes mineros e industriales.<\/p>\n<\/div>\n<\/div><\/div><\/div><div id=\"panel-gb159-69f3b97308d92-2-0-2\" class=\"so-panel widget widget_sow-image-grid panel-last-child\" data-index=\"5\" ><div class=\"so-widget-sow-image-grid so-widget-sow-image-grid-default-c51e448a0a62\">\t<div class=\"sow-image-grid-wrapper\"\n\t\t\t\t>\n\t\t\t\t\t<div class=\"sow-image-grid-image\">\n\t\t\t\t\t\t\t\t<img width=\"150\" height=\"150\" src=\"https:\/\/www.dimarzachile.cl\/wp-content\/uploads\/2024\/05\/Complemento-4-150x150.jpg\" class=\"sow-image-grid-image_html\" alt=\"\" loading=\"lazy\" title=\"\" srcset=\"https:\/\/www.dimarzachile.cl\/wp-content\/uploads\/2024\/05\/Complemento-4-150x150.jpg 150w, https:\/\/www.dimarzachile.cl\/wp-content\/uploads\/2024\/05\/Complemento-4-380x380.jpg 380w, https:\/\/www.dimarzachile.cl\/wp-content\/uploads\/2024\/05\/Complemento-4-445x445.jpg 445w\" sizes=\"(max-width: 150px) 100vw, 150px\" \/>\t\t\t\t\t\t\t<\/div>\n\t\t\t\t\t<div class=\"sow-image-grid-image\">\n\t\t\t\t\t\t\t\t<img width=\"150\" height=\"150\" src=\"https:\/\/www.dimarzachile.cl\/wp-content\/uploads\/2024\/05\/Complemento-3-150x150.jpg\" class=\"sow-image-grid-image_html\" alt=\"\" loading=\"lazy\" title=\"\" srcset=\"https:\/\/www.dimarzachile.cl\/wp-content\/uploads\/2024\/05\/Complemento-3-150x150.jpg 150w, https:\/\/www.dimarzachile.cl\/wp-content\/uploads\/2024\/05\/Complemento-3-380x380.jpg 380w, https:\/\/www.dimarzachile.cl\/wp-content\/uploads\/2024\/05\/Complemento-3-445x445.jpg 445w\" sizes=\"(max-width: 150px) 100vw, 150px\" \/>\t\t\t\t\t\t\t<\/div>\n\t\t\t\t\t<div class=\"sow-image-grid-image\">\n\t\t\t\t\t\t\t\t<img width=\"150\" height=\"150\" src=\"https:\/\/www.dimarzachile.cl\/wp-content\/uploads\/2024\/05\/Complemento-2-150x150.jpg\" class=\"sow-image-grid-image_html\" alt=\"\" loading=\"lazy\" title=\"\" srcset=\"https:\/\/www.dimarzachile.cl\/wp-content\/uploads\/2024\/05\/Complemento-2-150x150.jpg 150w, https:\/\/www.dimarzachile.cl\/wp-content\/uploads\/2024\/05\/Complemento-2-380x380.jpg 380w, https:\/\/www.dimarzachile.cl\/wp-content\/uploads\/2024\/05\/Complemento-2-445x445.jpg 445w\" sizes=\"(max-width: 150px) 100vw, 150px\" \/>\t\t\t\t\t\t\t<\/div>\n\t\t\t\t\t<div class=\"sow-image-grid-image\">\n\t\t\t\t\t\t\t\t<img width=\"150\" height=\"150\" src=\"https:\/\/www.dimarzachile.cl\/wp-content\/uploads\/2024\/05\/Complemento-1-150x150.jpg\" class=\"sow-image-grid-image_html\" alt=\"\" loading=\"lazy\" title=\"\" srcset=\"https:\/\/www.dimarzachile.cl\/wp-content\/uploads\/2024\/05\/Complemento-1-150x150.jpg 150w, https:\/\/www.dimarzachile.cl\/wp-content\/uploads\/2024\/05\/Complemento-1-380x380.jpg 380w, https:\/\/www.dimarzachile.cl\/wp-content\/uploads\/2024\/05\/Complemento-1-445x445.jpg 445w\" sizes=\"(max-width: 150px) 100vw, 150px\" \/>\t\t\t\t\t\t\t<\/div>\n\t\t\t<\/div>\n<\/div><\/div><\/div><div id=\"pgc-gb159-69f3b97308d92-2-1\"  class=\"panel-grid-cell\" ><div id=\"panel-gb159-69f3b97308d92-2-1-0\" class=\"so-panel widget widget_accesspress_image panel-first-child panel-last-child\" data-index=\"6\" >        \r\n        <div class=\"wow bounceIn ap-align-none\">\r\n                            <img src = \"https:\/\/www.dimarzachile.cl\/wp-content\/uploads\/2020\/10\/DMZ-CH-5-294x300.jpg\" \/>\r\n                    <\/div>\r\n        <\/div><\/div><\/div><\/div><\/div>","protected":false},"excerpt":{"rendered":"","protected":false},"author":1,"featured_media":0,"parent":0,"menu_order":0,"comment_status":"closed","ping_status":"closed","template":"","meta":[],"_links":{"self":[{"href":"https:\/\/www.dimarzachile.cl\/index.php\/wp-json\/wp\/v2\/pages\/159"}],"collection":[{"href":"https:\/\/www.dimarzachile.cl\/index.php\/wp-json\/wp\/v2\/pages"}],"about":[{"href":"https:\/\/www.dimarzachile.cl\/index.php\/wp-json\/wp\/v2\/types\/page"}],"author":[{"embeddable":true,"href":"https:\/\/www.dimarzachile.cl\/index.php\/wp-json\/wp\/v2\/users\/1"}],"replies":[{"embeddable":true,"href":"https:\/\/www.dimarzachile.cl\/index.php\/wp-json\/wp\/v2\/comments?post=159"}],"version-history":[{"count":39,"href":"https:\/\/www.dimarzachile.cl\/index.php\/wp-json\/wp\/v2\/pages\/159\/revisions"}],"predecessor-version":[{"id":379,"href":"https:\/\/www.dimarzachile.cl\/index.php\/wp-json\/wp\/v2\/pages\/159\/revisions\/379"}],"wp:attachment":[{"href":"https:\/\/www.dimarzachile.cl\/index.php\/wp-json\/wp\/v2\/media?parent=159"}],"curies":[{"name":"wp","href":"https:\/\/api.w.org\/{rel}","templated":true}]}}