{"id":69,"date":"2020-10-05T15:28:27","date_gmt":"2020-10-05T15:28:27","guid":{"rendered":"https:\/\/www.dimarzachile.cl\/?page_id=69"},"modified":"2024-05-28T00:42:02","modified_gmt":"2024-05-28T00:42:02","slug":"quienes-somos","status":"publish","type":"page","link":"https:\/\/www.dimarzachile.cl\/index.php\/quienes-somos\/","title":{"rendered":"QUIENES SOMOS"},"content":{"rendered":"<div id=\"pl-gb69-69e9dbd1b8c7c\"  class=\"panel-layout\" ><div id=\"pg-gb69-69e9dbd1b8c7c-0\"  class=\"panel-grid panel-has-style\" ><div class=\"panel-row-style panel-row-style-for-gb69-69e9dbd1b8c7c-0\" ><div id=\"pgc-gb69-69e9dbd1b8c7c-0-0\"  class=\"panel-grid-cell\" ><div id=\"panel-gb69-69e9dbd1b8c7c-0-0-0\" class=\"so-panel widget widget_sow-editor panel-first-child panel-last-child\" data-index=\"0\" ><div class=\"so-widget-sow-editor so-widget-sow-editor-base\">\n<div class=\"siteorigin-widget-tinymce textwidget\">\n\t<h1 style=\"text-align: center;\"><strong>QUIENES SOMOS<\/strong><\/h1>\n<p style=\"text-align: center;\"><div class=\"divider\" style=\"margin-top:20px; margin-bottom:20px; border-top:2px solid #00547f;width:20%\"\/><\/div><\/p>\n<\/div>\n<\/div><\/div><\/div><\/div><\/div><div id=\"pg-gb69-69e9dbd1b8c7c-1\"  class=\"panel-grid panel-no-style\" ><div id=\"pgc-gb69-69e9dbd1b8c7c-1-0\"  class=\"panel-grid-cell\" ><div id=\"panel-gb69-69e9dbd1b8c7c-1-0-0\" class=\"so-panel widget widget_sow-editor panel-first-child panel-last-child\" data-index=\"1\" ><div class=\"so-widget-sow-editor so-widget-sow-editor-base\">\n<div class=\"siteorigin-widget-tinymce textwidget\">\n\t<div style=\"width: 640px;\" class=\"wp-video\"><!--[if lt IE 9]><script>document.createElement('video');<\/script><![endif]-->\n<video class=\"wp-video-shortcode\" id=\"video-69-1\" width=\"640\" height=\"360\" poster=\"https:\/\/www.dimarzachile.cl\/wp-content\/uploads\/2024\/05\/V05CAP.jpg\" preload=\"metadata\" controls=\"controls\"><source type=\"video\/mp4\" src=\"https:\/\/www.dimarzachile.cl\/wp-content\/uploads\/2024\/05\/LOGISTICA.mp4?_=1\" \/><a href=\"https:\/\/www.dimarzachile.cl\/wp-content\/uploads\/2024\/05\/LOGISTICA.mp4\">https:\/\/www.dimarzachile.cl\/wp-content\/uploads\/2024\/05\/LOGISTICA.mp4<\/a><\/video><\/div>\n<\/div>\n<\/div><\/div><\/div><div id=\"pgc-gb69-69e9dbd1b8c7c-1-1\"  class=\"panel-grid-cell\" ><div id=\"panel-gb69-69e9dbd1b8c7c-1-1-0\" class=\"so-panel widget widget_sow-editor panel-first-child panel-last-child\" data-index=\"2\" ><div class=\"so-widget-sow-editor so-widget-sow-editor-base\">\n<div class=\"siteorigin-widget-tinymce textwidget\">\n\t<p>DIMARZA CHILE SPA es una empresa dedicada a desarrollar obras mec\u00e1nicas, el\u00e9ctricas y mantenimiento de planta concentradora y plantas industriales, con m\u00e1s de 15 a\u00f1os de experiencia en el rubro minero en Per\u00fa y 3 a\u00f1os en Chile.<\/p>\n<p>DIMARZA CHILE SPA tiene una cultura con valores, que cuidamos y utilizamos como complemento a nuestras funciones, para la consecuci\u00f3n de nuestra misi\u00f3n empresarial, orientada siempre al riguroso cumplimiento de nuestros contratos, velando tanto por nuestros clientes, accionistas y trabajadores.<\/p>\n<p>&nbsp;<\/p>\n<\/div>\n<\/div><\/div><\/div><\/div><div id=\"pg-gb69-69e9dbd1b8c7c-2\"  class=\"panel-grid panel-has-style\" ><div class=\"panel-row-style panel-row-style-for-gb69-69e9dbd1b8c7c-2\" ><div id=\"pgc-gb69-69e9dbd1b8c7c-2-0\"  class=\"panel-grid-cell panel-grid-cell-empty\" ><div class=\"panel-cell-style panel-cell-style-for-gb69-69e9dbd1b8c7c-2-0\" ><\/div><\/div><div id=\"pgc-gb69-69e9dbd1b8c7c-2-1\"  class=\"panel-grid-cell panel-grid-cell-mobile-last\" ><div class=\"panel-cell-style panel-cell-style-for-gb69-69e9dbd1b8c7c-2-1\" ><div id=\"panel-gb69-69e9dbd1b8c7c-2-1-0\" class=\"so-panel widget widget_sow-editor panel-first-child\" data-index=\"3\" ><div class=\"so-widget-sow-editor so-widget-sow-editor-base\">\n<div class=\"siteorigin-widget-tinymce textwidget\">\n\t<h1 style=\"text-align: center;\"><strong><span style=\"color: #ffffff;\">MISI\u00d3N<\/span><\/strong><\/h1>\n<\/div>\n<\/div><\/div><div id=\"panel-gb69-69e9dbd1b8c7c-2-1-1\" class=\"so-panel widget widget_accesspress_pro_icon_text panel-last-child\" data-index=\"4\" ><div class=\"panel-widget-style panel-widget-style-for-gb69-69e9dbd1b8c7c-2-1-1\" >        <div class=\"wow fadeInUp ap-icon-text style1\">\r\n            \r\n            <div class=\"ap-icon-text-content-wrap\">\r\n                <div class=\"ap-icon-text-inner\">\r\n                    \r\n                                            <div class=\"ap-icon-text-content\">\r\n                        Brindamos a nuestros clientes el mejor servicio enmarcado dentro de la eficiencia tecnol\u00f3gica y profesional, utilizando normas nacionales e internacionales en calidad y seguridad para ofrecer productos altamente competitivos.                        <\/div>\r\n                        \r\n                                    <\/div>\r\n            <\/div>\r\n        <\/div>\r\n            <\/div><\/div><\/div><\/div><div id=\"pgc-gb69-69e9dbd1b8c7c-2-2\"  class=\"panel-grid-cell panel-grid-cell-empty\" ><\/div><\/div><\/div><div id=\"pg-gb69-69e9dbd1b8c7c-3\"  class=\"panel-grid panel-has-style\" ><div data-siteorigin-parallax=\"{&quot;backgroundUrl&quot;:&quot;https:\\\/\\\/www.dimarzachile.cl\\\/wp-content\\\/uploads\\\/2024\\\/05\\\/MisionBack.jpg&quot;,&quot;backgroundSize&quot;:[1200,356],&quot;backgroundSizing&quot;:&quot;original&quot;,&quot;limitMotion&quot;:&quot;auto&quot;}\" class=\"panel-row-style panel-row-style-for-gb69-69e9dbd1b8c7c-3\" ><div id=\"pgc-gb69-69e9dbd1b8c7c-3-0\"  class=\"panel-grid-cell panel-grid-cell-empty\" ><div class=\"panel-cell-style panel-cell-style-for-gb69-69e9dbd1b8c7c-3-0\" ><\/div><\/div><div id=\"pgc-gb69-69e9dbd1b8c7c-3-1\"  class=\"panel-grid-cell panel-grid-cell-mobile-last\" ><div class=\"panel-cell-style panel-cell-style-for-gb69-69e9dbd1b8c7c-3-1\" ><div id=\"panel-gb69-69e9dbd1b8c7c-3-1-0\" class=\"so-panel widget widget_sow-editor panel-first-child\" data-index=\"5\" ><div class=\"so-widget-sow-editor so-widget-sow-editor-base\">\n<div class=\"siteorigin-widget-tinymce textwidget\">\n\t<h1 style=\"text-align: center;\"><strong><span style=\"color: #ffffff;\">VISI\u00d3N<\/span><\/strong><\/h1>\n<\/div>\n<\/div><\/div><div id=\"panel-gb69-69e9dbd1b8c7c-3-1-1\" class=\"so-panel widget widget_accesspress_pro_icon_text panel-last-child\" data-index=\"6\" >        <div class=\"wow fadeInUp ap-icon-text style1\">\r\n            \r\n            <div class=\"ap-icon-text-content-wrap\">\r\n                <div class=\"ap-icon-text-inner\">\r\n                    \r\n                                            <div class=\"ap-icon-text-content\">\r\n                        Ser reconocida como la mejor empresa en ejecuci\u00f3n de servicios y proyectos en el sector minero con la m\u00e1s avanzada tecnolog\u00eda y personal altamente calificado, garantizando la seguridad, calidad, cumplimiento y protecci\u00f3n del medio ambiente.                        <\/div>\r\n                        \r\n                                    <\/div>\r\n            <\/div>\r\n        <\/div>\r\n            <\/div><\/div><\/div><div id=\"pgc-gb69-69e9dbd1b8c7c-3-2\"  class=\"panel-grid-cell panel-grid-cell-empty\" ><\/div><\/div><\/div><div id=\"pg-gb69-69e9dbd1b8c7c-4\"  class=\"panel-grid panel-has-style\" ><div class=\"panel-row-style panel-row-style-for-gb69-69e9dbd1b8c7c-4\" ><div id=\"pgc-gb69-69e9dbd1b8c7c-4-0\"  class=\"panel-grid-cell panel-grid-cell-empty\" ><div class=\"panel-cell-style panel-cell-style-for-gb69-69e9dbd1b8c7c-4-0\" ><\/div><\/div><div id=\"pgc-gb69-69e9dbd1b8c7c-4-1\"  class=\"panel-grid-cell panel-grid-cell-mobile-last\" ><div class=\"panel-cell-style panel-cell-style-for-gb69-69e9dbd1b8c7c-4-1\" ><div id=\"panel-gb69-69e9dbd1b8c7c-4-1-0\" class=\"so-panel widget widget_sow-accordion panel-first-child panel-last-child\" data-index=\"7\" ><div class=\"so-widget-sow-accordion so-widget-sow-accordion-default-68ef03763bcd\"><div>\n\t<div class=\"sow-accordion\">\n\t\t\t<div class=\"sow-accordion-panel\"\n\t\t\t data-anchor=\"tama%c3%b1o-y-capacidad-instalada\">\n\t\t\t\t<div class=\"sow-accordion-panel-header-container\" role=\"heading\" aria-level=\"2\">\n\t\t\t\t\t<div class=\"sow-accordion-panel-header\" tabindex=\"0\" role=\"button\" id=\"accordion-label-tama%c3%b1o-y-capacidad-instalada\" aria-controls=\"accordion-content-tama%c3%b1o-y-capacidad-instalada\" aria-expanded=\"false\">\n\t\t\t\t\t\t<div class=\"sow-accordion-title sow-accordion-title-icon-left\">\n\t\t\t\t\t\t\t\t\t\t\t\t\t\tTAMA\u00d1O Y CAPACIDAD INSTALADA\t\t\t\t\t\t\t\t\t\t\t\t\t<\/div>\n\t\t\t\t\t\t<div class=\"sow-accordion-open-close-button\">\n\t\t\t\t\t\t\t<div class=\"sow-accordion-open-button\">\n\t\t\t\t\t\t\t\t<span class=\"sow-icon-ionicons\" data-sow-icon=\"&#xf218;\"\n\t\t ><\/span>\t\t\t\t\t\t\t<\/div>\n\t\t\t\t\t\t\t<div class=\"sow-accordion-close-button\">\n\t\t\t\t\t\t\t\t<span class=\"sow-icon-ionicons\" data-sow-icon=\"&#xf209;\"\n\t\t ><\/span>\t\t\t\t\t\t\t<\/div>\n\t\t\t\t\t\t<\/div>\n\t\t\t\t\t<\/div>\n\t\t\t\t<\/div>\n\n\t\t\t<div class=\"sow-accordion-panel-content\" role=\"region\" aria-labelledby=\"accordion-label-tama%c3%b1o-y-capacidad-instalada\" id=\"accordion-content-tama%c3%b1o-y-capacidad-instalada\">\n\t\t\t\t<div class=\"sow-accordion-panel-border\" tabindex=\"0\">\n\t\t\t\t\t<p>Contamos con un taller de fabricaciones en Per\u00fa que cuenta con un \u00e1rea aproximada de 5000 metros cuadrados distribuido en las \u00e1reas de maestranza, calder\u00eda, soldadura y mantenimiento de equipos de plantas concentradoras, ubicados en la Zona Industrial de Rio Seco, Arequipa, Per\u00fa.<\/p>\n<p>La capacidad instalada de producci\u00f3n es de 100 toneladas mensuales, cuenta con una cantidad de personal t\u00e9cnico calificado como son soldadores calificados y mec\u00e1nicos con amplia experiencia en plantas concentradoras para la realizaci\u00f3n de todos los trabajos que se nos solicite; tambi\u00e9n se cuenta con el \u00e1rea de control de calidad para asegurar la calidad de todas las fabricaciones y el mantenimiento de todos los equipos que se realizan en nuestros talleres.<\/p>\n\t\t\t\t<\/div>\n\t\t\t<\/div>\n\t\t<\/div>\n\t\t<\/div>\n<\/div>\n<\/div><\/div><\/div><\/div><div id=\"pgc-gb69-69e9dbd1b8c7c-4-2\"  class=\"panel-grid-cell panel-grid-cell-empty\" ><\/div><\/div><\/div><\/div>\n\n\n<figure class=\"wp-block-gallery columns-5 is-cropped\"><ul class=\"blocks-gallery-grid\"><li class=\"blocks-gallery-item\"><figure><img loading=\"lazy\" width=\"300\" height=\"275\" src=\"https:\/\/www.dimarzachile.cl\/wp-content\/uploads\/2020\/10\/DMZ-CH-6-300x275.jpg\" alt=\"\" data-id=\"152\" data-full-url=\"https:\/\/www.dimarzachile.cl\/wp-content\/uploads\/2020\/10\/DMZ-CH-6.jpg\" data-link=\"https:\/\/www.dimarzachile.cl\/index.php\/quienes-somos\/dmz-ch-6\/\" class=\"wp-image-152\" srcset=\"https:\/\/www.dimarzachile.cl\/wp-content\/uploads\/2020\/10\/DMZ-CH-6-300x275.jpg 300w, https:\/\/www.dimarzachile.cl\/wp-content\/uploads\/2020\/10\/DMZ-CH-6.jpg 446w\" sizes=\"(max-width: 300px) 100vw, 300px\" \/><\/figure><\/li><li class=\"blocks-gallery-item\"><figure><img loading=\"lazy\" width=\"300\" height=\"300\" src=\"https:\/\/www.dimarzachile.cl\/wp-content\/uploads\/2020\/10\/DMZ-CH-7-300x300.jpg\" alt=\"\" data-id=\"153\" data-full-url=\"https:\/\/www.dimarzachile.cl\/wp-content\/uploads\/2020\/10\/DMZ-CH-7.jpg\" data-link=\"https:\/\/www.dimarzachile.cl\/index.php\/quienes-somos\/dmz-ch-7\/\" class=\"wp-image-153\" srcset=\"https:\/\/www.dimarzachile.cl\/wp-content\/uploads\/2020\/10\/DMZ-CH-7-300x300.jpg 300w, https:\/\/www.dimarzachile.cl\/wp-content\/uploads\/2020\/10\/DMZ-CH-7-150x150.jpg 150w, https:\/\/www.dimarzachile.cl\/wp-content\/uploads\/2020\/10\/DMZ-CH-7-380x380.jpg 380w, https:\/\/www.dimarzachile.cl\/wp-content\/uploads\/2020\/10\/DMZ-CH-7.jpg 425w\" sizes=\"(max-width: 300px) 100vw, 300px\" \/><\/figure><\/li><li class=\"blocks-gallery-item\"><figure><img loading=\"lazy\" width=\"300\" height=\"290\" src=\"https:\/\/www.dimarzachile.cl\/wp-content\/uploads\/2024\/05\/Complemento-5-300x290.jpg\" alt=\"\" data-id=\"380\" data-full-url=\"https:\/\/www.dimarzachile.cl\/wp-content\/uploads\/2024\/05\/Complemento-5.jpg\" data-link=\"https:\/\/www.dimarzachile.cl\/index.php\/quienes-somos\/complemento-5\/\" class=\"wp-image-380\" srcset=\"https:\/\/www.dimarzachile.cl\/wp-content\/uploads\/2024\/05\/Complemento-5-300x290.jpg 300w, https:\/\/www.dimarzachile.cl\/wp-content\/uploads\/2024\/05\/Complemento-5.jpg 500w\" sizes=\"(max-width: 300px) 100vw, 300px\" \/><\/figure><\/li><li class=\"blocks-gallery-item\"><figure><img loading=\"lazy\" width=\"300\" height=\"290\" src=\"https:\/\/www.dimarzachile.cl\/wp-content\/uploads\/2024\/05\/Complemento-6-300x290.jpg\" alt=\"\" data-id=\"381\" data-full-url=\"https:\/\/www.dimarzachile.cl\/wp-content\/uploads\/2024\/05\/Complemento-6.jpg\" data-link=\"https:\/\/www.dimarzachile.cl\/index.php\/quienes-somos\/complemento-6\/\" class=\"wp-image-381\" srcset=\"https:\/\/www.dimarzachile.cl\/wp-content\/uploads\/2024\/05\/Complemento-6-300x290.jpg 300w, https:\/\/www.dimarzachile.cl\/wp-content\/uploads\/2024\/05\/Complemento-6.jpg 500w\" sizes=\"(max-width: 300px) 100vw, 300px\" \/><\/figure><\/li><li class=\"blocks-gallery-item\"><figure><img loading=\"lazy\" width=\"300\" height=\"290\" src=\"https:\/\/www.dimarzachile.cl\/wp-content\/uploads\/2024\/05\/Complemento-7-300x290.jpg\" alt=\"\" data-id=\"382\" data-full-url=\"https:\/\/www.dimarzachile.cl\/wp-content\/uploads\/2024\/05\/Complemento-7.jpg\" data-link=\"https:\/\/www.dimarzachile.cl\/index.php\/quienes-somos\/complemento-7\/\" class=\"wp-image-382\" srcset=\"https:\/\/www.dimarzachile.cl\/wp-content\/uploads\/2024\/05\/Complemento-7-300x290.jpg 300w, https:\/\/www.dimarzachile.cl\/wp-content\/uploads\/2024\/05\/Complemento-7.jpg 500w\" sizes=\"(max-width: 300px) 100vw, 300px\" \/><\/figure><\/li><\/ul><\/figure>\n\n\n\n<p><\/p>\n","protected":false},"excerpt":{"rendered":"","protected":false},"author":1,"featured_media":0,"parent":0,"menu_order":0,"comment_status":"closed","ping_status":"closed","template":"","meta":[],"_links":{"self":[{"href":"https:\/\/www.dimarzachile.cl\/index.php\/wp-json\/wp\/v2\/pages\/69"}],"collection":[{"href":"https:\/\/www.dimarzachile.cl\/index.php\/wp-json\/wp\/v2\/pages"}],"about":[{"href":"https:\/\/www.dimarzachile.cl\/index.php\/wp-json\/wp\/v2\/types\/page"}],"author":[{"embeddable":true,"href":"https:\/\/www.dimarzachile.cl\/index.php\/wp-json\/wp\/v2\/users\/1"}],"replies":[{"embeddable":true,"href":"https:\/\/www.dimarzachile.cl\/index.php\/wp-json\/wp\/v2\/comments?post=69"}],"version-history":[{"count":93,"href":"https:\/\/www.dimarzachile.cl\/index.php\/wp-json\/wp\/v2\/pages\/69\/revisions"}],"predecessor-version":[{"id":445,"href":"https:\/\/www.dimarzachile.cl\/index.php\/wp-json\/wp\/v2\/pages\/69\/revisions\/445"}],"wp:attachment":[{"href":"https:\/\/www.dimarzachile.cl\/index.php\/wp-json\/wp\/v2\/media?parent=69"}],"curies":[{"name":"wp","href":"https:\/\/api.w.org\/{rel}","templated":true}]}}